{"id":90,"date":"2019-04-25T09:02:54","date_gmt":"2019-04-25T07:02:54","guid":{"rendered":"https:\/\/celollars.totmediamobile.com\/?page_id=90"},"modified":"2025-03-17T07:49:59","modified_gmt":"2025-03-17T06:49:59","slug":"about-us","status":"publish","type":"page","link":"https:\/\/celollars.com\/ca\/about-us\/","title":{"rendered":"Nosaltres"},"content":{"rendered":"<div data-elementor-type=\"wp-post\" data-elementor-id=\"90\" class=\"elementor elementor-90\">\n\t\t\t\t<div class=\"aux-parallax-section elementor-element elementor-element-b7bb0b2 e-flex e-con-boxed e-con e-parent\" data-id=\"b7bb0b2\" data-element_type=\"container\">\n\t\t\t\t\t<div class=\"e-con-inner\">\n\t\t<div class=\"elementor-element elementor-element-aba562a e-con-full e-flex e-con e-child\" data-id=\"aba562a\" data-element_type=\"container\">\n\t\t\t\t<div class=\"elementor-element elementor-element-596a388 aux-appear-watch-animation aux-fade-in-up elementor-widget elementor-widget-aux_modern_heading\" data-id=\"596a388\" data-element_type=\"widget\" data-widget_type=\"aux_modern_heading.default\">\n\t\t\t\t<div class=\"elementor-widget-container\">\n\t\t\t\t\t<section class=\"aux-widget-modern-heading\">\n            <div class=\"aux-widget-inner\"><h2 class=\"aux-modern-heading-primary\"><\/h2><div class=\"aux-modern-heading-description\"><p>L'\u00e8xit d'un projecte \u00e9s treballar conjuntament amb les idees dels clients, i comptar amb un grup d'especialistes que treballin en diferents mat\u00e8ries. Aix\u00f2 ho t\u00e9 assegurat amb Celollars.<\/p><p>La nostra experi\u00e8ncia i coneixements en el camp del disseny i arquitectura i execuci\u00f3, units a l'experi\u00e8ncia en els diferents oficis implicats, ens permeten oferir solucions singulars i innovadores per fer reals els seus desitjos.<\/p><p>Creiem que \u00e9s molt important el coneixement de les necessitats concretes del client per aconseguir una bona feina. Per aix\u00f2, el nostre equip de professionals us assessorar\u00e0 sobre les possibilitats de disseny, materials i acabats que millor s'adaptin a les vostres necessitats.<\/p><p>Donem un servei personalitzat ia la mida de les vostres necessitats, buscant tant la vostra tranquil\u00b7litat durant l'execuci\u00f3 del treball com l'optimitzaci\u00f3 dels vostres recursos.<\/p><\/div><\/div>\n        <\/section>\t\t\t\t<\/div>\n\t\t\t\t<\/div>\n\t\t\t\t<\/div>\n\t\t<div class=\"elementor-element elementor-element-89a64ad e-con-full e-flex e-con e-child\" data-id=\"89a64ad\" data-element_type=\"container\">\n\t\t\t\t<div class=\"elementor-element elementor-element-194c81a elementor-widget elementor-widget-image\" data-id=\"194c81a\" data-element_type=\"widget\" data-widget_type=\"image.default\">\n\t\t\t\t<div class=\"elementor-widget-container\">\n\t\t\t\t\t\t\t\t\t\t\t\t\t\t\t<img fetchpriority=\"high\" decoding=\"async\" width=\"1024\" height=\"1024\" src=\"https:\/\/celollars.com\/wp-content\/uploads\/2025\/03\/OCERD70-1024x1024.jpg\" class=\"attachment-large size-large wp-image-169\" alt=\"\" srcset=\"https:\/\/celollars.com\/wp-content\/uploads\/2025\/03\/OCERD70-1024x1024.jpg 1024w, https:\/\/celollars.com\/wp-content\/uploads\/2025\/03\/OCERD70-300x300.jpg 300w, https:\/\/celollars.com\/wp-content\/uploads\/2025\/03\/OCERD70-150x150.jpg 150w, https:\/\/celollars.com\/wp-content\/uploads\/2025\/03\/OCERD70-768x768.jpg 768w\" sizes=\"(max-width: 1024px) 100vw, 1024px\" \/>\t\t\t\t\t\t\t\t\t\t\t\t\t\t\t<\/div>\n\t\t\t\t<\/div>\n\t\t\t\t<\/div>\n\t\t<div class=\"elementor-element elementor-element-7e12e91 e-con-full e-flex e-con e-child\" data-id=\"7e12e91\" data-element_type=\"container\">\n\t\t\t\t<div class=\"aux-scroll-anim elementor-element elementor-element-1c48ec3 elementor-widget elementor-widget-aux_modern_heading\" data-move-in=\"moveHorizontal\" data-move-out=\"moveHorizontal\" data-axis-x=\"60\" data-axis-y=\"30\" data-rotate=\"90\" data-scale=\"1\" data-vp-top=\"0.5\" data-vp-bot=\"0.5\" data-el-top=\"0.2\" data-scroll-animation-off=\"1024\" data-id=\"1c48ec3\" data-element_type=\"widget\" data-widget_type=\"aux_modern_heading.default\">\n\t\t\t\t<div class=\"elementor-widget-container\">\n\t\t\t\t\t<section class=\"aux-widget-modern-heading\">\n            <div class=\"aux-widget-inner\"><h2 class=\"aux-modern-heading-primary\">Qu\u00e8 fem<\/h2><div class=\"aux-modern-heading-divider\"><\/div><\/div>\n        <\/section>\t\t\t\t<\/div>\n\t\t\t\t<\/div>\n\t\t\t\t<\/div>\n\t\t\t\t\t<\/div>\n\t\t\t\t<\/div>\n\t\t<div class=\"aux-parallax-section elementor-element elementor-element-bdccd24 e-flex e-con-boxed e-con e-parent\" data-id=\"bdccd24\" data-element_type=\"container\">\n\t\t\t\t\t<div class=\"e-con-inner\">\n\t\t<div class=\"elementor-element elementor-element-5793522 e-con-full e-flex e-con e-child\" data-id=\"5793522\" data-element_type=\"container\">\n\t\t\t\t<div class=\"elementor-element elementor-element-7ff1c92 aux-appear-watch-animation aux-fade-in-up elementor-widget elementor-widget-aux_modern_heading\" data-id=\"7ff1c92\" data-element_type=\"widget\" data-widget_type=\"aux_modern_heading.default\">\n\t\t\t\t<div class=\"elementor-widget-container\">\n\t\t\t\t\t<section class=\"aux-widget-modern-heading\">\n            <div class=\"aux-widget-inner\"><h2 class=\"aux-modern-heading-primary\"><\/h2><div class=\"aux-modern-heading-description\"><div id=\"content_imatge\">La nostra experi\u00e8ncia en totes les \u00e0rees possibles dins de les reformes ens garanteix donar un servei complet. Oferint serietat als nostres treballs, un acabat immillorable i complint puntualment amb els terminis establerts d'execuci\u00f3, sempre mantenint la qualitat.<\/div><div id=\"content_texte\"><p>Si esteu pensant en reformar la vostra llar, local, fa\u00e7ana, etc. no dubteu a posar-vos en contacte amb nosaltres; estarem encantats de tractar amb vost\u00e8 per iniciar un pressupost ajustat a les seves necessitats i sense cap comprom\u00eds.<\/p><p>Celollars us garanteix un projecte sense sorpreses, tant en la qualitat i materials acordats, com en el preu i termini fixats.<\/p><\/div><\/div><\/div>\n        <\/section>\t\t\t\t<\/div>\n\t\t\t\t<\/div>\n\t\t\t\t<\/div>\n\t\t<div class=\"elementor-element elementor-element-deefdde e-con-full e-flex e-con e-child\" data-id=\"deefdde\" data-element_type=\"container\">\n\t\t\t\t<div class=\"elementor-element elementor-element-c7d24ec elementor-widget elementor-widget-image\" data-id=\"c7d24ec\" data-element_type=\"widget\" data-widget_type=\"image.default\">\n\t\t\t\t<div class=\"elementor-widget-container\">\n\t\t\t\t\t\t\t\t\t\t\t\t\t\t\t<img decoding=\"async\" width=\"1024\" height=\"1024\" src=\"https:\/\/celollars.com\/wp-content\/uploads\/2025\/03\/2642690-1024x1024.jpg\" class=\"attachment-large size-large wp-image-168\" alt=\"\" srcset=\"https:\/\/celollars.com\/wp-content\/uploads\/2025\/03\/2642690-1024x1024.jpg 1024w, https:\/\/celollars.com\/wp-content\/uploads\/2025\/03\/2642690-300x300.jpg 300w, https:\/\/celollars.com\/wp-content\/uploads\/2025\/03\/2642690-150x150.jpg 150w, https:\/\/celollars.com\/wp-content\/uploads\/2025\/03\/2642690-768x768.jpg 768w\" sizes=\"(max-width: 1024px) 100vw, 1024px\" \/>\t\t\t\t\t\t\t\t\t\t\t\t\t\t\t<\/div>\n\t\t\t\t<\/div>\n\t\t\t\t<\/div>\n\t\t<div class=\"elementor-element elementor-element-f8e9adc e-con-full e-flex e-con e-child\" data-id=\"f8e9adc\" data-element_type=\"container\">\n\t\t\t\t<div class=\"aux-scroll-anim elementor-element elementor-element-74d99a9 elementor-widget elementor-widget-aux_modern_heading\" data-move-in=\"moveHorizontal\" data-move-out=\"moveHorizontal\" data-axis-x=\"60\" data-axis-y=\"30\" data-rotate=\"90\" data-scale=\"1\" data-vp-top=\"0.5\" data-vp-bot=\"0.5\" data-el-top=\"0.2\" data-scroll-animation-off=\"1024\" data-id=\"74d99a9\" data-element_type=\"widget\" data-widget_type=\"aux_modern_heading.default\">\n\t\t\t\t<div class=\"elementor-widget-container\">\n\t\t\t\t\t<section class=\"aux-widget-modern-heading\">\n            <div class=\"aux-widget-inner\"><h2 class=\"aux-modern-heading-primary\">Com ho fem<\/h2><div class=\"aux-modern-heading-divider\"><\/div><\/div>\n        <\/section>\t\t\t\t<\/div>\n\t\t\t\t<\/div>\n\t\t\t\t<\/div>\n\t\t\t\t\t<\/div>\n\t\t\t\t<\/div>\n\t\t<div class=\"aux-parallax-section elementor-element elementor-element-c938deb e-flex e-con-boxed e-con e-parent\" data-id=\"c938deb\" data-element_type=\"container\" data-settings=\"{&quot;background_background&quot;:&quot;classic&quot;}\">\n\t\t\t\t\t<div class=\"e-con-inner\">\n\t\t<div class=\"elementor-element elementor-element-41159d9 e-con-full e-flex e-con e-child\" data-id=\"41159d9\" data-element_type=\"container\">\n\t\t\t\t<div class=\"elementor-element elementor-element-f8fc44e aux-appear-watch-animation aux-fade-in-up elementor-widget elementor-widget-aux_modern_heading\" data-id=\"f8fc44e\" data-element_type=\"widget\" data-widget_type=\"aux_modern_heading.default\">\n\t\t\t\t<div class=\"elementor-widget-container\">\n\t\t\t\t\t<section class=\"aux-widget-modern-heading\">\n            <div class=\"aux-widget-inner\"><h2 class=\"aux-modern-heading-primary\"><\/h2><div class=\"aux-modern-heading-description\"><div id=\"content_imatge\"><p>Tenim tots els productes, serveis i professionals per realitzar les feines que necessita la seva oficina o local comercial: mampares d'oficina, terres elevats, sostres falsos, pladur, parquet, moqueta, cortines, lampisteria, pintura, electricitat, aire condicionat, xarxes inform\u00e0tiques; i tot aix\u00f2 amb el millor assessorament en interiorisme.<\/p><p>Els nostres treballs comprenen des de petites reformes i reparacions fins a transformacions integrals de les diferents \u00e0rees del vostre habitatge, local o oficina<\/p><\/div><div id=\"content_texte\"><p>Si esteu pensant en reformar la vostra llar, local, fa\u00e7ana, etc. no dubteu a posar-vos en contacte amb nosaltres; estarem encantats de tractar amb vost\u00e8 per iniciar un pressupost ajustat a les seves necessitats i sense cap comprom\u00eds.<\/p><p>Celollars us garanteix un projecte sense sorpreses, tant en la qualitat i materials acordats, com en el preu i termini fixats.<\/p><\/div><\/div><\/div>\n        <\/section>\t\t\t\t<\/div>\n\t\t\t\t<\/div>\n\t\t\t\t<\/div>\n\t\t\t\t\t<\/div>\n\t\t\t\t<\/div>\n\t\t<div class=\"aux-parallax-section elementor-element elementor-element-bfe75b1 e-flex e-con-boxed e-con e-parent\" data-id=\"bfe75b1\" data-element_type=\"container\">\n\t\t\t\t\t<div class=\"e-con-inner\">\n\t\t<div class=\"elementor-element elementor-element-6b7d129 e-con-full e-flex e-con e-child\" data-id=\"6b7d129\" data-element_type=\"container\">\n\t\t\t\t<div class=\"elementor-element elementor-element-90b436a elementor-widget__width-initial elementor-widget elementor-widget-text-editor\" data-id=\"90b436a\" data-element_type=\"widget\" data-widget_type=\"text-editor.default\">\n\t\t\t\t<div class=\"elementor-widget-container\">\n\t\t\t\t\t\t\t\t\t<div class=\"wpb_column pos-top pos-center align_left column_parent col-lg-3 boomapps_vccolumn single-internal-gutter\"><div class=\"uncol style-light\"><div class=\"uncoltable\"><div class=\"uncell boomapps_vccolumn no-block-padding\"><div class=\"uncont\"><div class=\"uncode_text_column\"><p><strong>Obres d'Albanyileria<\/strong><\/p><p>\u2022 Demolicions i desenrunament<br \/>\u2022 Envans<br \/>\u2022 Enrajolats<br \/>\u2022 Solats<\/p><p><strong>Fontaneria i Electricitat<\/strong><\/p><p>\u2022 Filtracions<br \/>\u2022 Sanitaris<br \/>\u2022 Griferies<br \/>\u2022 Calentadors<br \/>\u2022 Radiadors<br \/>\u2022 Instal\u00b7lacions el\u00e8ctriques<br \/>\u2022 Quadres i autom\u00e0tics<br \/>\u2022 Il\u00b7luminaci\u00f3<\/p><p><strong>Pladur<\/strong><\/p><p>\u2022 Falsos sostres<br \/>\u2022 Envans<br \/>\u2022 Murals i prestatgeries<\/p><p><strong>Paviments de Fusta<\/strong><\/p><p>\u2022 Tarima flotant<br \/>\u2022 Laminats<br \/>\u2022 Fusta massissa<br \/>\u2022 Rodapeus<br \/>\u2022 Polit i envernissat<\/p><\/div><\/div><\/div><\/div><\/div><\/div><div class=\"wpb_column pos-top pos-center align_left column_parent col-lg-3 boomapps_vccolumn single-internal-gutter\"><div class=\"uncol style-light\"><div class=\"uncoltable\"><div class=\"uncell boomapps_vccolumn no-block-padding\"><div class=\"uncont\"><div class=\"uncode_text_column\"><p><strong>Impermeabilitzaci\u00f3, A\u00efllament i Insonoritzaci\u00f3<\/strong><\/p><p>\u2022 Goteres<br \/>\u2022 Arranjaments de teulades<br \/>\u2022 Terrasses<br \/>\u2022 Patis<\/p><\/div><\/div><\/div><\/div><\/div><\/div>\t\t\t\t\t\t\t\t<\/div>\n\t\t\t\t<\/div>\n\t\t\t\t<\/div>\n\t\t<div class=\"elementor-element elementor-element-8e97c15 e-con-full e-flex e-con e-child\" data-id=\"8e97c15\" data-element_type=\"container\">\n\t\t\t\t<div class=\"elementor-element elementor-element-5350aef elementor-widget elementor-widget-text-editor\" data-id=\"5350aef\" data-element_type=\"widget\" data-widget_type=\"text-editor.default\">\n\t\t\t\t<div class=\"elementor-widget-container\">\n\t\t\t\t\t\t\t\t\t<div class=\"wpb_column pos-top pos-center align_left column_parent col-lg-3 boomapps_vccolumn single-internal-gutter\"><div class=\"uncol style-light\"><div class=\"uncoltable\"><div class=\"uncell boomapps_vccolumn no-block-padding\"><div class=\"uncont\"><strong>Fusteria, Met\u00e0l\u00b7lica i d'Alumini<\/strong><\/div><div>\u00a0<\/div><\/div><\/div><\/div><\/div><div class=\"uncol style-light\"><div class=\"uncoltable\"><div class=\"uncell boomapps_vccolumn no-block-padding\"><div class=\"uncont\"><div class=\"uncode_text_column\"><p>\u2022 Portes i finestres<br \/>\u2022 Abatibles i corredisses<br \/>\u2022 Persianes manuals i motoritzades<br \/>\u2022 Tancament de terrasses<\/p><p><strong>Envidraments i Mampares<\/strong><\/p><p><strong>Fusteria<\/strong><\/p><p>\u2022 Portes blindades<br \/>\u2022 Portes de pas<br \/>\u2022 Cristalleres<br \/>\u2022 Armaris encastats<\/p><\/div><\/div><\/div><\/div><\/div><div class=\"wpb_column pos-top pos-center align_left column_parent col-lg-3 boomapps_vccolumn single-internal-gutter\"><div class=\"uncol style-light\"><div class=\"uncoltable\"><div class=\"uncell boomapps_vccolumn no-block-padding\"><div class=\"uncont\"><div class=\"uncode_text_column\"><strong>Fusteria, Met\u00e0l\u00b7lica i d'Alumini<\/strong><\/div><div>\u00a0<\/div><div class=\"uncode_text_column\">\u2022 Portes i finestres<br \/>\u2022 Abatibles i corredisses<br \/>\u2022 Persianes manuals i motoritzades<br \/>\u2022 Tancament de terrasses<\/div><div>\u00a0<\/div><div class=\"uncode_text_column\"><strong>Pintura<\/strong><\/div><div>\u00a0<\/div><div class=\"uncode_text_column\">\u2022 Llisa<br \/>\u2022 Estucs<\/div><div>\u00a0<\/div><div class=\"uncode_text_column\"><strong>Mantenimient locals<\/strong><\/div><div>\u00a0<\/div><div class=\"uncode_text_column\">Repassos de pintura, instal\u00b7lacions de llum i aigua, instal\u00b7lacions de prestatgeries, reparaci\u00f3 de mobles Ens adaptem a les seves necessitats, contacteu i us explicarem els nostres serveis per al vostre local o oficines.<\/div><div>\u00a0<\/div><div class=\"uncode_text_column\"><strong>Envidraments i Mampares<\/strong><\/div><\/div><\/div><\/div><\/div><\/div>\t\t\t\t\t\t\t\t<\/div>\n\t\t\t\t<\/div>\n\t\t\t\t<\/div>\n\t\t<div class=\"elementor-element elementor-element-2081d87 e-con-full e-flex e-con e-child\" data-id=\"2081d87\" data-element_type=\"container\">\n\t\t\t\t<div class=\"aux-scroll-anim elementor-element elementor-element-a5f8f22 elementor-widget elementor-widget-aux_modern_heading\" data-move-in=\"moveHorizontal\" data-move-out=\"moveHorizontal\" data-axis-x=\"60\" data-axis-y=\"30\" data-rotate=\"90\" data-scale=\"1\" data-vp-top=\"0.5\" data-vp-bot=\"0.5\" data-el-top=\"0.2\" data-scroll-animation-off=\"1024\" data-id=\"a5f8f22\" data-element_type=\"widget\" data-widget_type=\"aux_modern_heading.default\">\n\t\t\t\t<div class=\"elementor-widget-container\">\n\t\t\t\t\t<section class=\"aux-widget-modern-heading\">\n            <div class=\"aux-widget-inner\"><h2 class=\"aux-modern-heading-primary\">Serveis<\/h2><div class=\"aux-modern-heading-divider\"><\/div><\/div>\n        <\/section>\t\t\t\t<\/div>\n\t\t\t\t<\/div>\n\t\t\t\t<\/div>\n\t\t\t\t\t<\/div>\n\t\t\t\t<\/div>\n\t\t\t\t<\/div>","protected":false},"excerpt":{"rendered":"<p>El \u00e9xito de un proyecto reside en trabajar conjuntamente con las ideas de los clientes, y contar con un grupo de especialistas que trabajen en distintas materias. Esto lo tiene asegurado con Celollars. Nuestra experiencia y conocimientos en el campo del dise\u00f1o y arquitectura y ejecuci\u00f3n, unidos a la experiencia en los diferentes oficios implicados [&hellip;]<\/p>","protected":false},"author":1,"featured_media":0,"parent":0,"menu_order":0,"comment_status":"closed","ping_status":"closed","template":"templates\/page-builder-content.php","meta":{"footnotes":""},"class_list":["post-90","page","type-page","status-publish","hentry"],"_links":{"self":[{"href":"https:\/\/celollars.com\/ca\/wp-json\/wp\/v2\/pages\/90","targetHints":{"allow":["GET"]}}],"collection":[{"href":"https:\/\/celollars.com\/ca\/wp-json\/wp\/v2\/pages"}],"about":[{"href":"https:\/\/celollars.com\/ca\/wp-json\/wp\/v2\/types\/page"}],"author":[{"embeddable":true,"href":"https:\/\/celollars.com\/ca\/wp-json\/wp\/v2\/users\/1"}],"replies":[{"embeddable":true,"href":"https:\/\/celollars.com\/ca\/wp-json\/wp\/v2\/comments?post=90"}],"version-history":[{"count":10,"href":"https:\/\/celollars.com\/ca\/wp-json\/wp\/v2\/pages\/90\/revisions"}],"predecessor-version":[{"id":203,"href":"https:\/\/celollars.com\/ca\/wp-json\/wp\/v2\/pages\/90\/revisions\/203"}],"wp:attachment":[{"href":"https:\/\/celollars.com\/ca\/wp-json\/wp\/v2\/media?parent=90"}],"curies":[{"name":"wp","href":"https:\/\/api.w.org\/{rel}","templated":true}]}}